{"id":312,"date":"2024-11-27T18:10:23","date_gmt":"2024-11-27T18:10:23","guid":{"rendered":"https:\/\/pga.ententeinsurance.ca\/voyages\/"},"modified":"2025-02-17T12:53:20","modified_gmt":"2025-02-17T12:53:20","slug":"voyages","status":"publish","type":"page","link":"https:\/\/pga.ententeinsurance.ca\/fr\/voyages\/","title":{"rendered":"Voyages"},"content":{"rendered":"\t\t<div data-elementor-type=\"wp-page\" data-elementor-id=\"312\" class=\"elementor elementor-312 elementor-110\" data-elementor-post-type=\"page\">\n\t\t\t\t<div class=\"elementor-element elementor-element-fd205a1 bg-pri heading-banner e-flex e-con-boxed e-con e-parent\" data-id=\"fd205a1\" data-element_type=\"container\" data-e-type=\"container\">\n\t\t\t\t\t<div class=\"e-con-inner\">\n\t\t\t\t<div class=\"elementor-element elementor-element-5bb6337 elementor-position-left heading-banner-title elementor-vertical-align-top elementor-widget elementor-widget-image-box\" data-id=\"5bb6337\" data-element_type=\"widget\" data-e-type=\"widget\" data-widget_type=\"image-box.default\">\n\t\t\t\t<div class=\"elementor-widget-container\">\n\t\t\t\t\t<div class=\"elementor-image-box-wrapper\"><figure class=\"elementor-image-box-img\"><img decoding=\"async\" width=\"79\" height=\"70\" src=\"https:\/\/pga.ententeinsurance.ca\/wp-content\/uploads\/sites\/2\/2024\/12\/travel.svg\" class=\"attachment-full size-full wp-image-189\" alt=\"plane icon\" \/><\/figure><div class=\"elementor-image-box-content\"><h1 class=\"elementor-image-box-title\">Voyages<\/h1><\/div><\/div>\t\t\t\t<\/div>\n\t\t\t\t<\/div>\n\t\t\t\t\t<\/div>\n\t\t\t\t<\/div>\n\t\t<div class=\"elementor-element elementor-element-83b901e e-flex e-con-boxed e-con e-parent\" data-id=\"83b901e\" data-element_type=\"container\" data-e-type=\"container\">\n\t\t\t\t\t<div class=\"e-con-inner\">\n\t\t\t\t<div class=\"elementor-element elementor-element-c724e28 kk elementor-widget elementor-widget-breadcrumbs\" data-id=\"c724e28\" data-element_type=\"widget\" data-e-type=\"widget\" data-widget_type=\"breadcrumbs.default\">\n\t\t\t\t<div class=\"elementor-widget-container\">\n\t\t\t\t\t<p id=\"breadcrumbs\"><span><span><a href=\"https:\/\/pga.ententeinsurance.ca\/fr\/\">Accueil<\/a><\/span><\/span><\/p>\t\t\t\t<\/div>\n\t\t\t\t<\/div>\n\t\t\t\t<div class=\"elementor-element elementor-element-bf5999f page-intro-para elementor-widget elementor-widget-text-editor\" data-id=\"bf5999f\" data-element_type=\"widget\" data-e-type=\"widget\" data-widget_type=\"text-editor.default\">\n\t\t\t\t<div class=\"elementor-widget-container\">\n\t\t\t\t\t\t\t\t\t<p>Une assurance voyage compl\u00e8te est incluse dans le r\u00e9gime <a href=\"https:\/\/pga.ententeinsurance.ca\/fr\/frais-medicaux-complementaires\/\">Frais m\u00e9dicaux compl\u00e9mentaires<\/a> sans frais suppl\u00e9mentaires. Les membres de la PGA du Canada qui ne b\u00e9n\u00e9ficient pas du r\u00e9gime Frais m\u00e9dicaux compl\u00e9mentaires peuvent souscrire une assurance voyage combin\u00e9e.<\/p>\t\t\t\t\t\t\t\t<\/div>\n\t\t\t\t<\/div>\n\t\t\t\t<div class=\"elementor-element elementor-element-7672e72 elementor-widget elementor-widget-shortcode\" data-id=\"7672e72\" data-element_type=\"widget\" data-e-type=\"widget\" data-widget_type=\"shortcode.default\">\n\t\t\t\t<div class=\"elementor-widget-container\">\n\t\t\t\t\t\t\t<div class=\"elementor-shortcode\">\t\n\t<div class=\"container-fluid plan-desc-wrap style_2\">\n  <div class=\"row\">\n    <div class=\"col-12\">\n\t\t\t\t\t \n<div class=\"insr-img-title-wrap\" id=\"accordian-link-1\">\n        <div class=\"img-title-wrap d-flex align-items-center \">\n\t\t\t          <img decoding=\"async\" src=\"https:\/\/pga.ententeinsurance.ca\/wp-content\/uploads\/2024\/12\/combined-travel-insurance.svg\">\n\t\t            <h3 class=\"mb-0\">Assurance voyage combin\u00e9e<\/h3>\n        <\/div> \n\t\t<div class=\"outer-desc \">\n\t\t        <div class=\"desc \"> <h2>Assurance voyage combin\u00e9e<\/h2>\n<p>Les membres ont acc\u00e8s \u00e0 l\u2019assurance voyage de belairdirect. Le r\u00e9gime fournit une protection pour un nombre illimit\u00e9 de voyages durant l\u2019ann\u00e9e d\u2019assurance et comprend \u00e0 la fois une couverture m\u00e9dicale et d\u2019interruption de voyage.<\/p>\n<ul>\n<li>Nombre de voyages illimit\u00e9 &#8211; couverture pour un nombre illimit\u00e9 de voyages durant l\u2019ann\u00e9e d\u2019assurance.<\/li>\n<li>Acc\u00e8s aux protections, peu importe l\u2019\u00e2ge ou l\u2019\u00e9tat de sant\u00e9.<\/li>\n<li>Interruption de voyage &#8211; assurance annulation, interruption et retard de voyage pour plusieurs voyages au cours de l\u2019ann\u00e9e d\u2019assurance.<\/li>\n<li>Urgences m\u00e9dicales &#8211; couverture m\u00e9dicale d\u2019urgence, y compris pour les urgences m\u00e9dicales li\u00e9es \u00e0 la COVID-19.<\/li>\n<li>Urgences dentaires &#8211; aide d\u2019urgence pour certaines blessures dentaires accidentelles.<\/li>\n<li>Retour du v\u00e9hicule &#8211; couvre les d\u00e9penses admissibles pour ramener votre voiture jusqu\u2019\u00e0 votre domicile, si vous ne pouvez pas le faire en raison d\u2019une urgence m\u00e9dicale.<\/li>\n<li>Retour de l\u2019animal de compagnie &#8211; si votre voyage est interrompu ou si nous vous ramenons au Canada, cette garantie peut aider \u00e0 couvrir les frais pour ramener votre chat ou votre chien \u00e0 la maison.<\/li>\n<\/ul>\n<p><a class=\"cmn-btn\" href=\"https:\/\/www.belairdirect.com\/en\/group-insurance\/group-travel-insurance.html?region=onen\" target=\"_blank\" rel=\"noopener\">Obtenir un devis<\/a><\/p>\n<\/div>\n\t\t      <\/div>\n\t  <\/div>\n\t\t\t\t\t\t<\/div>\n  <\/div>\n<\/div>\n\t\t<\/div>\n\t\t\t\t\t\t<\/div>\n\t\t\t\t<\/div>\n\t\t\t\t<div class=\"elementor-element elementor-element-bcd3310 color-pr elementor-widget elementor-widget-heading\" data-id=\"bcd3310\" data-element_type=\"widget\" data-e-type=\"widget\" data-widget_type=\"heading.default\">\n\t\t\t\t<div class=\"elementor-widget-container\">\n\t\t\t\t\t<h3 class=\"elementor-heading-title elementor-size-default\">Code de groupe : PGA of Canada<\/h3>\t\t\t\t<\/div>\n\t\t\t\t<\/div>\n\t\t\t\t<div class=\"elementor-element elementor-element-f60ec0a elementor-widget elementor-widget-shortcode\" data-id=\"f60ec0a\" data-element_type=\"widget\" data-e-type=\"widget\" data-widget_type=\"shortcode.default\">\n\t\t\t\t<div class=\"elementor-widget-container\">\n\t\t\t\t\t\t\t<div class=\"elementor-shortcode\">\t\t<div data-elementor-type=\"container\" data-elementor-id=\"304\" class=\"elementor elementor-304 elementor-163 elementor-163\" data-elementor-post-type=\"elementor_library\">\n\t\t\t\t<div class=\"elementor-element elementor-element-31eabc15 p-100 pri-ques-wrap e-flex e-con-boxed e-con e-parent\" data-id=\"31eabc15\" data-element_type=\"container\" data-e-type=\"container\">\n\t\t\t\t\t<div class=\"e-con-inner\">\n\t\t<div class=\"elementor-element elementor-element-7ba8e857 e-con-full bg-pri e-flex e-con e-child\" data-id=\"7ba8e857\" data-element_type=\"container\" data-e-type=\"container\">\n\t\t<div class=\"elementor-element elementor-element-340bd969 e-con-full e-flex e-con e-child\" data-id=\"340bd969\" data-element_type=\"container\" data-e-type=\"container\">\n\t\t\t\t<div class=\"elementor-element elementor-element-7aaebe08 elementor-widget__width-inherit elementor-widget elementor-widget-text-editor\" data-id=\"7aaebe08\" data-element_type=\"widget\" data-e-type=\"widget\" data-widget_type=\"text-editor.default\">\n\t\t\t\t<div class=\"elementor-widget-container\">\n\t\t\t\t\t\t\t\t\t<h2>Des questions?<\/h2><h3>Contactez-nous<\/h3>\t\t\t\t\t\t\t\t<\/div>\n\t\t\t\t<\/div>\n\t\t\t\t<\/div>\n\t\t<div class=\"elementor-element elementor-element-2737fd2f e-con-full e-flex e-con e-child\" data-id=\"2737fd2f\" data-element_type=\"container\" data-e-type=\"container\">\n\t\t\t\t<div class=\"elementor-element elementor-element-34e27f58 text-white fs-lg elementor-widget elementor-widget-text-editor\" data-id=\"34e27f58\" data-element_type=\"widget\" data-e-type=\"widget\" data-widget_type=\"text-editor.default\">\n\t\t\t\t<div class=\"elementor-widget-container\">\n\t\t\t\t\t\t\t\t\t<p><a href=\"tel:416-962-9463\" target=\"_blank\" rel=\"noopener\" aria-label=\"416-962-9463, opens in new tab\" data-a11y-ext=\"\">416-962-9463<\/a>\u00a0(sans frais :\u00a0<a href=\"tel:1-800-361-9888\" target=\"_blank\" rel=\"noopener\" aria-label=\"1-800-361-9888, opens in new tab\" data-a11y-ext=\"\">1-800-361-9888<\/a>)<br \/>Du lundi au vendredi, de 8 h 30 \u00e0 16 h 30 (HNE)<\/p><p><span style=\"text-decoration: underline;\"><a href=\"mailto:pga@ententeinsurance.ca\">pga@ententeinsurance.ca<\/a><\/span><\/p>\t\t\t\t\t\t\t\t<\/div>\n\t\t\t\t<\/div>\n\t\t\t\t<\/div>\n\t\t\t\t<\/div>\n\t\t\t\t\t<\/div>\n\t\t\t\t<\/div>\n\t\t\t\t<\/div>\n\t\t<\/div>\n\t\t\t\t\t\t<\/div>\n\t\t\t\t<\/div>\n\t\t\t\t\t<\/div>\n\t\t\t\t<\/div>\n\t\t\t\t<\/div>\n\t\t","protected":false},"excerpt":{"rendered":"<p>Voyages Une assurance voyage compl\u00e8te est incluse dans le r\u00e9gime Frais m\u00e9dicaux compl\u00e9mentaires sans frais suppl\u00e9mentaires. Les membres de la PGA du Canada qui ne b\u00e9n\u00e9ficient pas du r\u00e9gime Frais m\u00e9dicaux compl\u00e9mentaires peuvent souscrire une assurance voyage combin\u00e9e. Code de groupe : PGA of Canada<\/p>\n","protected":false},"author":1,"featured_media":465,"parent":0,"menu_order":0,"comment_status":"closed","ping_status":"closed","template":"","meta":{"_acf_changed":false,"inline_featured_image":false,"footnotes":""},"class_list":["post-312","page","type-page","status-publish","has-post-thumbnail","hentry"],"acf":[],"yoast_head":"<!-- This site is optimized with the Yoast SEO plugin v27.4 - https:\/\/yoast.com\/product\/yoast-seo-wordpress\/ -->\n<title>Voyages - Assurance collective pour les membres de la PGA du Canada<\/title>\n<meta name=\"robots\" content=\"noindex, follow, max-snippet:-1, max-image-preview:large, max-video-preview:-1\" \/>\n<meta property=\"og:locale\" content=\"fr_FR\" \/>\n<meta property=\"og:type\" content=\"article\" \/>\n<meta property=\"og:title\" content=\"Voyages - Assurance collective pour les membres de la PGA du Canada\" \/>\n<meta property=\"og:description\" content=\"Voyages Une assurance voyage compl\u00e8te est incluse dans le r\u00e9gime Frais m\u00e9dicaux compl\u00e9mentaires sans frais suppl\u00e9mentaires. Les membres de la PGA du Canada qui ne b\u00e9n\u00e9ficient pas du r\u00e9gime Frais m\u00e9dicaux compl\u00e9mentaires peuvent souscrire une assurance voyage combin\u00e9e. Code de groupe : PGA of Canada\" \/>\n<meta property=\"og:url\" content=\"https:\/\/pga.ententeinsurance.ca\/fr\/voyages\/\" \/>\n<meta property=\"og:site_name\" content=\"Assurance collective pour les membres de la PGA du Canada\" \/>\n<meta property=\"article:modified_time\" content=\"2025-02-17T12:53:20+00:00\" \/>\n<meta property=\"og:image\" content=\"https:\/\/pga.ententeinsurance.ca\/wp-content\/uploads\/sites\/2\/2025\/01\/Travel-2.png\" \/>\n\t<meta property=\"og:image:width\" content=\"1200\" \/>\n\t<meta property=\"og:image:height\" content=\"628\" \/>\n\t<meta property=\"og:image:type\" content=\"image\/png\" \/>\n<meta name=\"twitter:card\" content=\"summary_large_image\" \/>\n<meta name=\"twitter:label1\" content=\"Dur\u00e9e de lecture estim\u00e9e\" \/>\n\t<meta name=\"twitter:data1\" content=\"1 minute\" \/>\n<script type=\"application\/ld+json\" class=\"yoast-schema-graph\">{\"@context\":\"https:\\\/\\\/schema.org\",\"@graph\":[{\"@type\":\"WebPage\",\"@id\":\"https:\\\/\\\/pga.ententeinsurance.ca\\\/fr\\\/voyages\\\/\",\"url\":\"https:\\\/\\\/pga.ententeinsurance.ca\\\/fr\\\/voyages\\\/\",\"name\":\"Voyages - Assurance collective pour les membres de la PGA du Canada\",\"isPartOf\":{\"@id\":\"https:\\\/\\\/pga.ententeinsurance.ca\\\/fr\\\/#website\"},\"primaryImageOfPage\":{\"@id\":\"https:\\\/\\\/pga.ententeinsurance.ca\\\/fr\\\/voyages\\\/#primaryimage\"},\"image\":{\"@id\":\"https:\\\/\\\/pga.ententeinsurance.ca\\\/fr\\\/voyages\\\/#primaryimage\"},\"thumbnailUrl\":\"https:\\\/\\\/pga.ententeinsurance.ca\\\/wp-content\\\/uploads\\\/sites\\\/2\\\/2025\\\/01\\\/Travel-2.png\",\"datePublished\":\"2024-11-27T18:10:23+00:00\",\"dateModified\":\"2025-02-17T12:53:20+00:00\",\"breadcrumb\":{\"@id\":\"https:\\\/\\\/pga.ententeinsurance.ca\\\/fr\\\/voyages\\\/#breadcrumb\"},\"inLanguage\":\"fr-FR\",\"potentialAction\":[{\"@type\":\"ReadAction\",\"target\":[\"https:\\\/\\\/pga.ententeinsurance.ca\\\/fr\\\/voyages\\\/\"]}]},{\"@type\":\"ImageObject\",\"inLanguage\":\"fr-FR\",\"@id\":\"https:\\\/\\\/pga.ententeinsurance.ca\\\/fr\\\/voyages\\\/#primaryimage\",\"url\":\"https:\\\/\\\/pga.ententeinsurance.ca\\\/wp-content\\\/uploads\\\/sites\\\/2\\\/2025\\\/01\\\/Travel-2.png\",\"contentUrl\":\"https:\\\/\\\/pga.ententeinsurance.ca\\\/wp-content\\\/uploads\\\/sites\\\/2\\\/2025\\\/01\\\/Travel-2.png\",\"width\":1200,\"height\":628,\"caption\":\"Voyages\"},{\"@type\":\"BreadcrumbList\",\"@id\":\"https:\\\/\\\/pga.ententeinsurance.ca\\\/fr\\\/voyages\\\/#breadcrumb\",\"itemListElement\":[{\"@type\":\"ListItem\",\"position\":1,\"name\":\"Accueil\",\"item\":\"https:\\\/\\\/pga.ententeinsurance.ca\\\/fr\\\/\"},{\"@type\":\"ListItem\",\"position\":2,\"name\":\"Voyages\"}]},{\"@type\":\"WebSite\",\"@id\":\"https:\\\/\\\/pga.ententeinsurance.ca\\\/fr\\\/#website\",\"url\":\"https:\\\/\\\/pga.ententeinsurance.ca\\\/fr\\\/\",\"name\":\"Assurance collective pour les membres de la PGA du Canada\",\"description\":\"Entente Group Insurance Program\",\"publisher\":{\"@id\":\"https:\\\/\\\/pga.ententeinsurance.ca\\\/fr\\\/#organization\"},\"potentialAction\":[{\"@type\":\"SearchAction\",\"target\":{\"@type\":\"EntryPoint\",\"urlTemplate\":\"https:\\\/\\\/pga.ententeinsurance.ca\\\/fr\\\/?s={search_term_string}\"},\"query-input\":{\"@type\":\"PropertyValueSpecification\",\"valueRequired\":true,\"valueName\":\"search_term_string\"}}],\"inLanguage\":\"fr-FR\"},{\"@type\":\"Organization\",\"@id\":\"https:\\\/\\\/pga.ententeinsurance.ca\\\/fr\\\/#organization\",\"name\":\"Assurance collective pour les membres de la PGA du Canada\",\"url\":\"https:\\\/\\\/pga.ententeinsurance.ca\\\/fr\\\/\",\"logo\":{\"@type\":\"ImageObject\",\"inLanguage\":\"fr-FR\",\"@id\":\"https:\\\/\\\/pga.ententeinsurance.ca\\\/fr\\\/#\\\/schema\\\/logo\\\/image\\\/\",\"url\":\"https:\\\/\\\/pga.ententeinsurance.ca\\\/media\\\/pga-podcast-logo.jpg\",\"contentUrl\":\"https:\\\/\\\/pga.ententeinsurance.ca\\\/media\\\/pga-podcast-logo.jpg\",\"width\":275,\"height\":151,\"caption\":\"Assurance collective pour les membres de la PGA du Canada\"},\"image\":{\"@id\":\"https:\\\/\\\/pga.ententeinsurance.ca\\\/fr\\\/#\\\/schema\\\/logo\\\/image\\\/\"}}]}<\/script>\n<!-- \/ Yoast SEO plugin. -->","yoast_head_json":{"title":"Voyages - Assurance collective pour les membres de la PGA du Canada","robots":{"index":"noindex","follow":"follow","max-snippet":"max-snippet:-1","max-image-preview":"max-image-preview:large","max-video-preview":"max-video-preview:-1"},"og_locale":"fr_FR","og_type":"article","og_title":"Voyages - Assurance collective pour les membres de la PGA du Canada","og_description":"Voyages Une assurance voyage compl\u00e8te est incluse dans le r\u00e9gime Frais m\u00e9dicaux compl\u00e9mentaires sans frais suppl\u00e9mentaires. Les membres de la PGA du Canada qui ne b\u00e9n\u00e9ficient pas du r\u00e9gime Frais m\u00e9dicaux compl\u00e9mentaires peuvent souscrire une assurance voyage combin\u00e9e. Code de groupe : PGA of Canada","og_url":"https:\/\/pga.ententeinsurance.ca\/fr\/voyages\/","og_site_name":"Assurance collective pour les membres de la PGA du Canada","article_modified_time":"2025-02-17T12:53:20+00:00","og_image":[{"width":1200,"height":628,"url":"https:\/\/pga.ententeinsurance.ca\/wp-content\/uploads\/sites\/2\/2025\/01\/Travel-2.png","type":"image\/png"}],"twitter_card":"summary_large_image","twitter_misc":{"Dur\u00e9e de lecture estim\u00e9e":"1 minute"},"schema":{"@context":"https:\/\/schema.org","@graph":[{"@type":"WebPage","@id":"https:\/\/pga.ententeinsurance.ca\/fr\/voyages\/","url":"https:\/\/pga.ententeinsurance.ca\/fr\/voyages\/","name":"Voyages - Assurance collective pour les membres de la PGA du Canada","isPartOf":{"@id":"https:\/\/pga.ententeinsurance.ca\/fr\/#website"},"primaryImageOfPage":{"@id":"https:\/\/pga.ententeinsurance.ca\/fr\/voyages\/#primaryimage"},"image":{"@id":"https:\/\/pga.ententeinsurance.ca\/fr\/voyages\/#primaryimage"},"thumbnailUrl":"https:\/\/pga.ententeinsurance.ca\/wp-content\/uploads\/sites\/2\/2025\/01\/Travel-2.png","datePublished":"2024-11-27T18:10:23+00:00","dateModified":"2025-02-17T12:53:20+00:00","breadcrumb":{"@id":"https:\/\/pga.ententeinsurance.ca\/fr\/voyages\/#breadcrumb"},"inLanguage":"fr-FR","potentialAction":[{"@type":"ReadAction","target":["https:\/\/pga.ententeinsurance.ca\/fr\/voyages\/"]}]},{"@type":"ImageObject","inLanguage":"fr-FR","@id":"https:\/\/pga.ententeinsurance.ca\/fr\/voyages\/#primaryimage","url":"https:\/\/pga.ententeinsurance.ca\/wp-content\/uploads\/sites\/2\/2025\/01\/Travel-2.png","contentUrl":"https:\/\/pga.ententeinsurance.ca\/wp-content\/uploads\/sites\/2\/2025\/01\/Travel-2.png","width":1200,"height":628,"caption":"Voyages"},{"@type":"BreadcrumbList","@id":"https:\/\/pga.ententeinsurance.ca\/fr\/voyages\/#breadcrumb","itemListElement":[{"@type":"ListItem","position":1,"name":"Accueil","item":"https:\/\/pga.ententeinsurance.ca\/fr\/"},{"@type":"ListItem","position":2,"name":"Voyages"}]},{"@type":"WebSite","@id":"https:\/\/pga.ententeinsurance.ca\/fr\/#website","url":"https:\/\/pga.ententeinsurance.ca\/fr\/","name":"Assurance collective pour les membres de la PGA du Canada","description":"Entente Group Insurance Program","publisher":{"@id":"https:\/\/pga.ententeinsurance.ca\/fr\/#organization"},"potentialAction":[{"@type":"SearchAction","target":{"@type":"EntryPoint","urlTemplate":"https:\/\/pga.ententeinsurance.ca\/fr\/?s={search_term_string}"},"query-input":{"@type":"PropertyValueSpecification","valueRequired":true,"valueName":"search_term_string"}}],"inLanguage":"fr-FR"},{"@type":"Organization","@id":"https:\/\/pga.ententeinsurance.ca\/fr\/#organization","name":"Assurance collective pour les membres de la PGA du Canada","url":"https:\/\/pga.ententeinsurance.ca\/fr\/","logo":{"@type":"ImageObject","inLanguage":"fr-FR","@id":"https:\/\/pga.ententeinsurance.ca\/fr\/#\/schema\/logo\/image\/","url":"https:\/\/pga.ententeinsurance.ca\/media\/pga-podcast-logo.jpg","contentUrl":"https:\/\/pga.ententeinsurance.ca\/media\/pga-podcast-logo.jpg","width":275,"height":151,"caption":"Assurance collective pour les membres de la PGA du Canada"},"image":{"@id":"https:\/\/pga.ententeinsurance.ca\/fr\/#\/schema\/logo\/image\/"}}]}},"_links":{"self":[{"href":"https:\/\/pga.ententeinsurance.ca\/fr\/wp-json\/wp\/v2\/pages\/312","targetHints":{"allow":["GET"]}}],"collection":[{"href":"https:\/\/pga.ententeinsurance.ca\/fr\/wp-json\/wp\/v2\/pages"}],"about":[{"href":"https:\/\/pga.ententeinsurance.ca\/fr\/wp-json\/wp\/v2\/types\/page"}],"author":[{"embeddable":true,"href":"https:\/\/pga.ententeinsurance.ca\/fr\/wp-json\/wp\/v2\/users\/1"}],"replies":[{"embeddable":true,"href":"https:\/\/pga.ententeinsurance.ca\/fr\/wp-json\/wp\/v2\/comments?post=312"}],"version-history":[{"count":0,"href":"https:\/\/pga.ententeinsurance.ca\/fr\/wp-json\/wp\/v2\/pages\/312\/revisions"}],"wp:featuredmedia":[{"embeddable":true,"href":"https:\/\/pga.ententeinsurance.ca\/fr\/wp-json\/wp\/v2\/media\/465"}],"wp:attachment":[{"href":"https:\/\/pga.ententeinsurance.ca\/fr\/wp-json\/wp\/v2\/media?parent=312"}],"curies":[{"name":"wp","href":"https:\/\/api.w.org\/{rel}","templated":true}]}}