{"id":315,"date":"2024-11-27T18:09:48","date_gmt":"2024-11-27T18:09:48","guid":{"rendered":"https:\/\/pga.ententeinsurance.ca\/assurance-dentaire\/"},"modified":"2025-01-23T16:23:39","modified_gmt":"2025-01-23T16:23:39","slug":"dentaire","status":"publish","type":"page","link":"https:\/\/pga.ententeinsurance.ca\/fr\/dentaire\/","title":{"rendered":"Assurance dentaire"},"content":{"rendered":"\t\t<div data-elementor-type=\"wp-page\" data-elementor-id=\"315\" class=\"elementor elementor-315 elementor-108\" data-elementor-post-type=\"page\">\n\t\t\t\t<div class=\"elementor-element elementor-element-ddd15fc bg-pri heading-banner e-flex e-con-boxed e-con e-parent\" data-id=\"ddd15fc\" data-element_type=\"container\" data-e-type=\"container\">\n\t\t\t\t\t<div class=\"e-con-inner\">\n\t\t\t\t<div class=\"elementor-element elementor-element-d524e5b elementor-position-left elementor-vertical-align-middle heading-banner-title elementor-widget elementor-widget-image-box\" data-id=\"d524e5b\" data-element_type=\"widget\" data-e-type=\"widget\" data-widget_type=\"image-box.default\">\n\t\t\t\t<div class=\"elementor-widget-container\">\n\t\t\t\t\t<div class=\"elementor-image-box-wrapper\"><figure class=\"elementor-image-box-img\"><img decoding=\"async\" width=\"63\" height=\"70\" src=\"https:\/\/pga.ententeinsurance.ca\/wp-content\/uploads\/sites\/2\/2024\/12\/dental-icon-large.svg\" class=\"attachment-full size-full wp-image-196\" alt=\"tooth icon\" \/><\/figure><div class=\"elementor-image-box-content\"><h1 class=\"elementor-image-box-title\">Assurance dentaire<\/h1><\/div><\/div>\t\t\t\t<\/div>\n\t\t\t\t<\/div>\n\t\t\t\t\t<\/div>\n\t\t\t\t<\/div>\n\t\t<div class=\"elementor-element elementor-element-a05dfb9 e-flex e-con-boxed e-con e-parent\" data-id=\"a05dfb9\" data-element_type=\"container\" data-e-type=\"container\">\n\t\t\t\t\t<div class=\"e-con-inner\">\n\t\t\t\t<div class=\"elementor-element elementor-element-07f7dd3 elementor-widget elementor-widget-breadcrumbs\" data-id=\"07f7dd3\" data-element_type=\"widget\" data-e-type=\"widget\" data-widget_type=\"breadcrumbs.default\">\n\t\t\t\t<div class=\"elementor-widget-container\">\n\t\t\t\t\t<p id=\"breadcrumbs\"><span><span><a href=\"https:\/\/pga.ententeinsurance.ca\/fr\/\">Accueil<\/a><\/span><\/span><\/p>\t\t\t\t<\/div>\n\t\t\t\t<\/div>\n\t\t\t\t<div class=\"elementor-element elementor-element-6c37e39 page-intro-para elementor-widget elementor-widget-text-editor\" data-id=\"6c37e39\" data-element_type=\"widget\" data-e-type=\"widget\" data-widget_type=\"text-editor.default\">\n\t\t\t\t<div class=\"elementor-widget-container\">\n\t\t\t\t\t\t\t\t\t<p>Notre assurance dentaire couvre les proc\u00e9dures effectu\u00e9es par un dentiste, un denturologiste ou une hygi\u00e9niste dentaire. De plus, vous \u00eates en couverts pour les soins dentaires admissibles requis en voyage.<\/p>\t\t\t\t\t\t\t\t<\/div>\n\t\t\t\t<\/div>\n\t\t\t\t<div class=\"elementor-element elementor-element-087520c color-pr elementor-widget elementor-widget-heading\" data-id=\"087520c\" data-element_type=\"widget\" data-e-type=\"widget\" data-widget_type=\"heading.default\">\n\t\t\t\t<div class=\"elementor-widget-container\">\n\t\t\t\t\t<h2 class=\"elementor-heading-title elementor-size-default\">D\u00e9tails de la protection offerte<\/h2>\t\t\t\t<\/div>\n\t\t\t\t<\/div>\n\t\t\t\t<div class=\"elementor-element elementor-element-08c4b4d elementor-position-inline-start color-pr dwnld-guide-icon elementor-view-default elementor-mobile-position-block-start elementor-widget elementor-widget-icon-box\" data-id=\"08c4b4d\" data-element_type=\"widget\" data-e-type=\"widget\" data-widget_type=\"icon-box.default\">\n\t\t\t\t<div class=\"elementor-widget-container\">\n\t\t\t\t\t\t\t<div class=\"elementor-icon-box-wrapper\">\n\n\t\t\t\t\t\t<div class=\"elementor-icon-box-icon\">\n\t\t\t\t<a href=\"https:\/\/pga.ententeinsurance.ca\/media\/PGA-Entente-Informations-Sur-Le-Regime.pdf\" target=\"_blank\" class=\"elementor-icon\" tabindex=\"-1\" aria-label=\"T\u00e9l\u00e9charger notre guide des r\u00e9gimes d\u2019assurance \">\n\t\t\t\t<svg xmlns=\"http:\/\/www.w3.org\/2000\/svg\" id=\"downloads\" width=\"24\" height=\"24\" viewBox=\"0 0 24 24\"><g id=\"Group_16\" data-name=\"Group 16\" transform=\"translate(0 0)\"><g id=\"Group_15\" data-name=\"Group 15\" transform=\"translate(0 0)\"><g id=\"Group_14\" data-name=\"Group 14\"><path id=\"Path_23\" data-name=\"Path 23\" d=\"M18.667,24H5.333A5.334,5.334,0,0,1,0,18.667V17.333a1.333,1.333,0,1,1,2.667,0v1.333a2.667,2.667,0,0,0,2.667,2.667H18.667a2.667,2.667,0,0,0,2.667-2.667V17.333a1.333,1.333,0,1,1,2.667,0v1.333A5.334,5.334,0,0,1,18.667,24ZM12,18.667a1.329,1.329,0,0,1-.931-.379h0l0,0h0l0,0h0l0,0L5.724,12.943a1.333,1.333,0,1,1,1.886-1.886l3.057,3.057V1.333a1.333,1.333,0,1,1,2.667,0V14.114l3.057-3.057a1.333,1.333,0,0,1,1.886,1.886l-5.333,5.333,0,0h0l0,0h0l0,0h0l-.045.042a1.325,1.325,0,0,1-.367.233h0a1.327,1.327,0,0,1-.517.1Z\" transform=\"translate(0 0)\" fill=\"#b00104\"><\/path><\/g><\/g><\/g><\/svg>\t\t\t\t<\/a>\n\t\t\t<\/div>\n\t\t\t\n\t\t\t\t\t\t<div class=\"elementor-icon-box-content\">\n\n\t\t\t\t\t\t\t\t\t<p class=\"elementor-icon-box-title\">\n\t\t\t\t\t\t<a href=\"https:\/\/pga.ententeinsurance.ca\/media\/PGA-Entente-Informations-Sur-Le-Regime.pdf\" target=\"_blank\" >\n\t\t\t\t\t\t\tT\u00e9l\u00e9charger notre guide des r\u00e9gimes d\u2019assurance \t\t\t\t\t\t<\/a>\n\t\t\t\t\t<\/p>\n\t\t\t\t\n\t\t\t\t\n\t\t\t<\/div>\n\t\t\t\n\t\t<\/div>\n\t\t\t\t\t\t<\/div>\n\t\t\t\t<\/div>\n\t\t\t\t<div class=\"elementor-element elementor-element-e0077dc elementor-widget elementor-widget-shortcode\" data-id=\"e0077dc\" data-element_type=\"widget\" data-e-type=\"widget\" data-widget_type=\"shortcode.default\">\n\t\t\t\t<div class=\"elementor-widget-container\">\n\t\t\t\t\t\t\t<div class=\"elementor-shortcode\">\t\n\t<div class=\"container-fluid plan-desc-wrap style_2\">\n  <div class=\"row\">\n    <div class=\"col-12\">\n\t\t\t\t\t \n<div class=\"insr-img-title-wrap\" id=\"accordian-link-1\">\n        <div class=\"img-title-wrap d-flex align-items-center \">\n\t\t\t          <h3 class=\"mb-0\">Soins dentaires de base et de pr\u00e9vention<\/h3>\n        <\/div> \n\t\t<div class=\"outer-desc \">\n\t\t        <div class=\"desc \"> <h3>Soins dentaires de base et de pr\u00e9vention<\/h3>\n<ul>\n<li>Remboursement \u00e0 85 %<\/li>\n<li>Examen bucco-dentaire standard, polissage et radiographie tous les neuf mois<\/li>\n<li>Application topique de fluorure une fois toutes les trois ann\u00e9es civiles cons\u00e9cutives<\/li>\n<li>Extractions chirurgicales de dents et de racines, ablation de tumeurs et de kystes et drainage d\u2019abc\u00e8s<\/li>\n<li>Anesth\u00e9sie g\u00e9n\u00e9rale<\/li>\n<li>Ajustement, r\u00e9parations ou rebasage de proth\u00e8ses dentaires<\/li>\n<li>Jusqu\u2019\u00e0 huit unit\u00e9s de d\u00e9tartrage par ann\u00e9e civile<\/li>\n<\/ul>\n<h3>Restaurations mineures<\/h3>\n<ul>\n<li>Remboursement \u00e0 80 %<\/li>\n<li>800 $ par personne, par ann\u00e9e civile<\/li>\n<li>Endodontie et parodontie, y compris le traitement des maladies de la pulpe dentaire, traitement de canal et traitement des os et des tissus.<\/li>\n<li>Chirurgies d\u2019implants dentaires<\/li>\n<\/ul>\n<h3>Restaurations extensives<\/h3>\n<ul>\n<li>Remboursement \u00e0 50 %<\/li>\n<li>800 $ par personne et par ann\u00e9e civile pour les couronnes, les piliers, les incrustations profondes et en surface.<\/li>\n<li>800 $ par personne et par ann\u00e9e civile pour l\u2019installation ou la r\u00e9paration de ponts et de proth\u00e8ses permanentes<\/li>\n<\/ul>\n<\/div>\n\t\t      <\/div>\n\t  <\/div>\n\t\t\t\t\t\t<\/div>\n  <\/div>\n<\/div>\n\t\t\t\t<div data-elementor-type=\"container\" data-elementor-id=\"303\" class=\"elementor elementor-303 elementor-162 elementor-162\" data-elementor-post-type=\"elementor_library\">\n\t\t\t\t<div class=\"elementor-element elementor-element-60944f2a e-flex e-con-boxed e-con e-parent\" data-id=\"60944f2a\" data-element_type=\"container\" data-e-type=\"container\">\n\t\t\t\t\t<div class=\"e-con-inner\">\n\t\t\t\t<div class=\"elementor-element elementor-element-108c5d9a color-pr elementor-widget elementor-widget-heading\" data-id=\"108c5d9a\" data-element_type=\"widget\" data-e-type=\"widget\" data-widget_type=\"heading.default\">\n\t\t\t\t<div class=\"elementor-widget-container\">\n\t\t\t\t\t<h2 class=\"elementor-heading-title elementor-size-default\">Demandez votre assurance en ligne<\/h2>\t\t\t\t<\/div>\n\t\t\t\t<\/div>\n\t\t<div class=\"elementor-element elementor-element-15291c6 e-con-full e-flex e-con e-child\" data-id=\"15291c6\" data-element_type=\"container\" data-e-type=\"container\">\n\t\t<div class=\"elementor-element elementor-element-6f8dfa64 e-con-full e-flex e-con e-child\" data-id=\"6f8dfa64\" data-element_type=\"container\" data-e-type=\"container\">\n\t\t\t\t<div class=\"elementor-element elementor-element-6208a84 elementor-widget elementor-widget-image\" data-id=\"6208a84\" data-element_type=\"widget\" data-e-type=\"widget\" data-widget_type=\"image.default\">\n\t\t\t\t<div class=\"elementor-widget-container\">\n\t\t\t\t\t\t\t\t\t\t\t\t\t\t\t<img fetchpriority=\"high\" decoding=\"async\" width=\"730\" height=\"617\" src=\"https:\/\/pga.ententeinsurance.ca\/media\/Apply-online-for-your-health-insurance.jpg\" class=\"attachment-large size-large wp-image-222\" alt=\"Apply online for your health insurance\" \/>\t\t\t\t\t\t\t\t\t\t\t\t\t\t\t<\/div>\n\t\t\t\t<\/div>\n\t\t\t\t<\/div>\n\t\t<div class=\"elementor-element elementor-element-2aadd28d e-con-full e-flex e-con e-child\" data-id=\"2aadd28d\" data-element_type=\"container\" data-e-type=\"container\">\n\t\t\t\t<div class=\"elementor-element elementor-element-505cca80 elementor-position-left img-pri-color img-box elementor-position-left elementor-vertical-align-top elementor-widget elementor-widget-image-box\" data-id=\"505cca80\" data-element_type=\"widget\" data-e-type=\"widget\" data-widget_type=\"image-box.default\">\n\t\t\t\t<div class=\"elementor-widget-container\">\n\t\t\t\t\t<div class=\"elementor-image-box-wrapper\"><figure class=\"elementor-image-box-img\"><img decoding=\"async\" width=\"59\" height=\"78\" src=\"https:\/\/pga.ententeinsurance.ca\/wp-content\/uploads\/sites\/2\/2024\/11\/golf_icon.svg\" class=\"attachment-full size-full wp-image-133\" alt=\"golf flag icon\" \/><\/figure><div class=\"elementor-image-box-content\"><h3 class=\"elementor-image-box-title\">Acceptation garantie<\/h3><p class=\"elementor-image-box-description\">Les nouveaux membres de la PGA du Canada ont 60 jours pour adh\u00e9rer au r\u00e9gime d\u2019assurance collective avec acceptation garantie.  La garantie d\u2019acceptation est toujours disponible pour les membres transf\u00e9r\u00e9s d\u2019un autre r\u00e9gime collectif ou compl\u00e9tant un autre r\u00e9gime collectif. <\/p><\/div><\/div>\t\t\t\t<\/div>\n\t\t\t\t<\/div>\n\t\t\t\t<div class=\"elementor-element elementor-element-8d0c347 elementor-position-left img-pri-color img-box elementor-position-left elementor-vertical-align-top elementor-widget elementor-widget-image-box\" data-id=\"8d0c347\" data-element_type=\"widget\" data-e-type=\"widget\" data-widget_type=\"image-box.default\">\n\t\t\t\t<div class=\"elementor-widget-container\">\n\t\t\t\t\t<div class=\"elementor-image-box-wrapper\"><figure class=\"elementor-image-box-img\"><img decoding=\"async\" width=\"59\" height=\"78\" src=\"https:\/\/pga.ententeinsurance.ca\/wp-content\/uploads\/sites\/2\/2024\/11\/golf_icon.svg\" class=\"attachment-full size-full wp-image-133\" alt=\"golf flag icon\" \/><\/figure><div class=\"elementor-image-box-content\"><h3 class=\"elementor-image-box-title\">La couverture requise<\/h3><p class=\"elementor-image-box-description\">Protection individuelle, de couple ou familiale disponible. L\u2019assurance voyage compl\u00e8te vous prot\u00e8ge. <\/p><\/div><\/div>\t\t\t\t<\/div>\n\t\t\t\t<\/div>\n\t\t\t\t<div class=\"elementor-element elementor-element-7def6799 elementor-position-left img-pri-color img-box elementor-position-left elementor-vertical-align-top elementor-widget elementor-widget-image-box\" data-id=\"7def6799\" data-element_type=\"widget\" data-e-type=\"widget\" data-widget_type=\"image-box.default\">\n\t\t\t\t<div class=\"elementor-widget-container\">\n\t\t\t\t\t<div class=\"elementor-image-box-wrapper\"><figure class=\"elementor-image-box-img\"><img decoding=\"async\" width=\"59\" height=\"78\" src=\"https:\/\/pga.ententeinsurance.ca\/wp-content\/uploads\/sites\/2\/2024\/11\/golf_icon.svg\" class=\"attachment-full size-full wp-image-133\" alt=\"golf flag icon\" \/><\/figure><div class=\"elementor-image-box-content\"><h3 class=\"elementor-image-box-title\">Demandes de r\u00e8glement sans probl\u00e8me<\/h3><p class=\"elementor-image-box-description\">Commencez \u00e0 soumettre vos demandes de r\u00e8glement sans d\u00e9lai sur notre portail pratique.<\/p><\/div><\/div>\t\t\t\t<\/div>\n\t\t\t\t<\/div>\n\t\t\t\t<\/div>\n\t\t\t\t<\/div>\n\t\t\t\t<div class=\"elementor-element elementor-element-1bceef53 cmn-btn elementor-align-center elementor-widget elementor-widget-button\" data-id=\"1bceef53\" data-element_type=\"widget\" data-e-type=\"widget\" data-widget_type=\"button.default\">\n\t\t\t\t<div class=\"elementor-widget-container\">\n\t\t\t\t\t\t\t\t\t<div class=\"elementor-button-wrapper\">\n\t\t\t\t\t<a class=\"elementor-button elementor-button-link elementor-size-sm\" href=\"\/fr\/souscrivez-des-maintenant\/\">\n\t\t\t\t\t\t<span class=\"elementor-button-content-wrapper\">\n\t\t\t\t\t\t\t\t\t<span class=\"elementor-button-text\">Souscrivez d\u00e8s maintenant<\/span>\n\t\t\t\t\t<\/span>\n\t\t\t\t\t<\/a>\n\t\t\t\t<\/div>\n\t\t\t\t\t\t\t\t<\/div>\n\t\t\t\t<\/div>\n\t\t\t\t\t<\/div>\n\t\t\t\t<\/div>\n\t\t\t\t<\/div>\n\t\t\t\t<div data-elementor-type=\"container\" data-elementor-id=\"304\" class=\"elementor elementor-304 elementor-163 elementor-163\" data-elementor-post-type=\"elementor_library\">\n\t\t\t\t<div class=\"elementor-element elementor-element-31eabc15 p-100 pri-ques-wrap e-flex e-con-boxed e-con e-parent\" data-id=\"31eabc15\" data-element_type=\"container\" data-e-type=\"container\">\n\t\t\t\t\t<div class=\"e-con-inner\">\n\t\t<div class=\"elementor-element elementor-element-7ba8e857 e-con-full bg-pri e-flex e-con e-child\" data-id=\"7ba8e857\" data-element_type=\"container\" data-e-type=\"container\">\n\t\t<div class=\"elementor-element elementor-element-340bd969 e-con-full e-flex e-con e-child\" data-id=\"340bd969\" data-element_type=\"container\" data-e-type=\"container\">\n\t\t\t\t<div class=\"elementor-element elementor-element-7aaebe08 elementor-widget__width-inherit elementor-widget elementor-widget-text-editor\" data-id=\"7aaebe08\" data-element_type=\"widget\" data-e-type=\"widget\" data-widget_type=\"text-editor.default\">\n\t\t\t\t<div class=\"elementor-widget-container\">\n\t\t\t\t\t\t\t\t\t<h2>Des questions?<\/h2><h3>Contactez-nous<\/h3>\t\t\t\t\t\t\t\t<\/div>\n\t\t\t\t<\/div>\n\t\t\t\t<\/div>\n\t\t<div class=\"elementor-element elementor-element-2737fd2f e-con-full e-flex e-con e-child\" data-id=\"2737fd2f\" data-element_type=\"container\" data-e-type=\"container\">\n\t\t\t\t<div class=\"elementor-element elementor-element-34e27f58 text-white fs-lg elementor-widget elementor-widget-text-editor\" data-id=\"34e27f58\" data-element_type=\"widget\" data-e-type=\"widget\" data-widget_type=\"text-editor.default\">\n\t\t\t\t<div class=\"elementor-widget-container\">\n\t\t\t\t\t\t\t\t\t<p><a href=\"tel:416-962-9463\" target=\"_blank\" rel=\"noopener\" aria-label=\"416-962-9463, opens in new tab\" data-a11y-ext=\"\">416-962-9463<\/a>\u00a0(sans frais :\u00a0<a href=\"tel:1-800-361-9888\" target=\"_blank\" rel=\"noopener\" aria-label=\"1-800-361-9888, opens in new tab\" data-a11y-ext=\"\">1-800-361-9888<\/a>)<br \/>Du lundi au vendredi, de 8 h 30 \u00e0 16 h 30 (HNE)<\/p><p><span style=\"text-decoration: underline;\"><a href=\"mailto:pga@ententeinsurance.ca\">pga@ententeinsurance.ca<\/a><\/span><\/p>\t\t\t\t\t\t\t\t<\/div>\n\t\t\t\t<\/div>\n\t\t\t\t<\/div>\n\t\t\t\t<\/div>\n\t\t\t\t\t<\/div>\n\t\t\t\t<\/div>\n\t\t\t\t<\/div>\n\t\t<\/div>\n\t\t\t\t\t\t<\/div>\n\t\t\t\t<\/div>\n\t\t\t\t\t<\/div>\n\t\t\t\t<\/div>\n\t\t\t\t<\/div>\n\t\t","protected":false},"excerpt":{"rendered":"<p>Assurance dentaire Notre assurance dentaire couvre les proc\u00e9dures effectu\u00e9es par un dentiste, un denturologiste ou une hygi\u00e9niste dentaire. De plus, vous \u00eates en couverts pour les soins dentaires admissibles requis en voyage. D\u00e9tails de la protection offerte T\u00e9l\u00e9charger notre guide des r\u00e9gimes d\u2019assurance<\/p>\n","protected":false},"author":1,"featured_media":470,"parent":0,"menu_order":0,"comment_status":"closed","ping_status":"closed","template":"","meta":{"_acf_changed":false,"inline_featured_image":false,"footnotes":""},"class_list":["post-315","page","type-page","status-publish","has-post-thumbnail","hentry"],"acf":[],"yoast_head":"<!-- This site is optimized with the Yoast SEO plugin v27.4 - https:\/\/yoast.com\/product\/yoast-seo-wordpress\/ -->\n<title>Assurance dentaire - Assurance collective pour les membres de la PGA du Canada<\/title>\n<meta name=\"robots\" content=\"noindex, follow, max-snippet:-1, max-image-preview:large, max-video-preview:-1\" \/>\n<meta property=\"og:locale\" content=\"fr_FR\" \/>\n<meta property=\"og:type\" content=\"article\" \/>\n<meta property=\"og:title\" content=\"Assurance dentaire - Assurance collective pour les membres de la PGA du Canada\" \/>\n<meta property=\"og:description\" content=\"Assurance dentaire Notre assurance dentaire couvre les proc\u00e9dures effectu\u00e9es par un dentiste, un denturologiste ou une hygi\u00e9niste dentaire. De plus, vous \u00eates en couverts pour les soins dentaires admissibles requis en voyage. D\u00e9tails de la protection offerte T\u00e9l\u00e9charger notre guide des r\u00e9gimes d\u2019assurance\" \/>\n<meta property=\"og:url\" content=\"https:\/\/pga.ententeinsurance.ca\/fr\/dentaire\/\" \/>\n<meta property=\"og:site_name\" content=\"Assurance collective pour les membres de la PGA du Canada\" \/>\n<meta property=\"article:modified_time\" content=\"2025-01-23T16:23:39+00:00\" \/>\n<meta property=\"og:image\" content=\"https:\/\/pga.ententeinsurance.ca\/wp-content\/uploads\/sites\/2\/2025\/01\/Assurance-dentaire.png\" \/>\n\t<meta property=\"og:image:width\" content=\"1200\" \/>\n\t<meta property=\"og:image:height\" content=\"628\" \/>\n\t<meta property=\"og:image:type\" content=\"image\/png\" \/>\n<meta name=\"twitter:card\" content=\"summary_large_image\" \/>\n<meta name=\"twitter:label1\" content=\"Dur\u00e9e de lecture estim\u00e9e\" \/>\n\t<meta name=\"twitter:data1\" content=\"1 minute\" \/>\n<script type=\"application\/ld+json\" class=\"yoast-schema-graph\">{\"@context\":\"https:\\\/\\\/schema.org\",\"@graph\":[{\"@type\":\"WebPage\",\"@id\":\"https:\\\/\\\/pga.ententeinsurance.ca\\\/fr\\\/dentaire\\\/\",\"url\":\"https:\\\/\\\/pga.ententeinsurance.ca\\\/fr\\\/dentaire\\\/\",\"name\":\"Assurance dentaire - Assurance collective pour les membres de la PGA du Canada\",\"isPartOf\":{\"@id\":\"https:\\\/\\\/pga.ententeinsurance.ca\\\/fr\\\/#website\"},\"primaryImageOfPage\":{\"@id\":\"https:\\\/\\\/pga.ententeinsurance.ca\\\/fr\\\/dentaire\\\/#primaryimage\"},\"image\":{\"@id\":\"https:\\\/\\\/pga.ententeinsurance.ca\\\/fr\\\/dentaire\\\/#primaryimage\"},\"thumbnailUrl\":\"https:\\\/\\\/pga.ententeinsurance.ca\\\/wp-content\\\/uploads\\\/sites\\\/2\\\/2025\\\/01\\\/Assurance-dentaire.png\",\"datePublished\":\"2024-11-27T18:09:48+00:00\",\"dateModified\":\"2025-01-23T16:23:39+00:00\",\"breadcrumb\":{\"@id\":\"https:\\\/\\\/pga.ententeinsurance.ca\\\/fr\\\/dentaire\\\/#breadcrumb\"},\"inLanguage\":\"fr-FR\",\"potentialAction\":[{\"@type\":\"ReadAction\",\"target\":[\"https:\\\/\\\/pga.ententeinsurance.ca\\\/fr\\\/dentaire\\\/\"]}]},{\"@type\":\"ImageObject\",\"inLanguage\":\"fr-FR\",\"@id\":\"https:\\\/\\\/pga.ententeinsurance.ca\\\/fr\\\/dentaire\\\/#primaryimage\",\"url\":\"https:\\\/\\\/pga.ententeinsurance.ca\\\/wp-content\\\/uploads\\\/sites\\\/2\\\/2025\\\/01\\\/Assurance-dentaire.png\",\"contentUrl\":\"https:\\\/\\\/pga.ententeinsurance.ca\\\/wp-content\\\/uploads\\\/sites\\\/2\\\/2025\\\/01\\\/Assurance-dentaire.png\",\"width\":1200,\"height\":628},{\"@type\":\"BreadcrumbList\",\"@id\":\"https:\\\/\\\/pga.ententeinsurance.ca\\\/fr\\\/dentaire\\\/#breadcrumb\",\"itemListElement\":[{\"@type\":\"ListItem\",\"position\":1,\"name\":\"Accueil\",\"item\":\"https:\\\/\\\/pga.ententeinsurance.ca\\\/fr\\\/\"},{\"@type\":\"ListItem\",\"position\":2,\"name\":\"Assurance dentaire\"}]},{\"@type\":\"WebSite\",\"@id\":\"https:\\\/\\\/pga.ententeinsurance.ca\\\/fr\\\/#website\",\"url\":\"https:\\\/\\\/pga.ententeinsurance.ca\\\/fr\\\/\",\"name\":\"Assurance collective pour les membres de la PGA du Canada\",\"description\":\"Entente Group Insurance Program\",\"publisher\":{\"@id\":\"https:\\\/\\\/pga.ententeinsurance.ca\\\/fr\\\/#organization\"},\"potentialAction\":[{\"@type\":\"SearchAction\",\"target\":{\"@type\":\"EntryPoint\",\"urlTemplate\":\"https:\\\/\\\/pga.ententeinsurance.ca\\\/fr\\\/?s={search_term_string}\"},\"query-input\":{\"@type\":\"PropertyValueSpecification\",\"valueRequired\":true,\"valueName\":\"search_term_string\"}}],\"inLanguage\":\"fr-FR\"},{\"@type\":\"Organization\",\"@id\":\"https:\\\/\\\/pga.ententeinsurance.ca\\\/fr\\\/#organization\",\"name\":\"Assurance collective pour les membres de la PGA du Canada\",\"url\":\"https:\\\/\\\/pga.ententeinsurance.ca\\\/fr\\\/\",\"logo\":{\"@type\":\"ImageObject\",\"inLanguage\":\"fr-FR\",\"@id\":\"https:\\\/\\\/pga.ententeinsurance.ca\\\/fr\\\/#\\\/schema\\\/logo\\\/image\\\/\",\"url\":\"https:\\\/\\\/pga.ententeinsurance.ca\\\/media\\\/pga-podcast-logo.jpg\",\"contentUrl\":\"https:\\\/\\\/pga.ententeinsurance.ca\\\/media\\\/pga-podcast-logo.jpg\",\"width\":275,\"height\":151,\"caption\":\"Assurance collective pour les membres de la PGA du Canada\"},\"image\":{\"@id\":\"https:\\\/\\\/pga.ententeinsurance.ca\\\/fr\\\/#\\\/schema\\\/logo\\\/image\\\/\"}}]}<\/script>\n<!-- \/ Yoast SEO plugin. -->","yoast_head_json":{"title":"Assurance dentaire - Assurance collective pour les membres de la PGA du Canada","robots":{"index":"noindex","follow":"follow","max-snippet":"max-snippet:-1","max-image-preview":"max-image-preview:large","max-video-preview":"max-video-preview:-1"},"og_locale":"fr_FR","og_type":"article","og_title":"Assurance dentaire - Assurance collective pour les membres de la PGA du Canada","og_description":"Assurance dentaire Notre assurance dentaire couvre les proc\u00e9dures effectu\u00e9es par un dentiste, un denturologiste ou une hygi\u00e9niste dentaire. De plus, vous \u00eates en couverts pour les soins dentaires admissibles requis en voyage. D\u00e9tails de la protection offerte T\u00e9l\u00e9charger notre guide des r\u00e9gimes d\u2019assurance","og_url":"https:\/\/pga.ententeinsurance.ca\/fr\/dentaire\/","og_site_name":"Assurance collective pour les membres de la PGA du Canada","article_modified_time":"2025-01-23T16:23:39+00:00","og_image":[{"width":1200,"height":628,"url":"https:\/\/pga.ententeinsurance.ca\/wp-content\/uploads\/sites\/2\/2025\/01\/Assurance-dentaire.png","type":"image\/png"}],"twitter_card":"summary_large_image","twitter_misc":{"Dur\u00e9e de lecture estim\u00e9e":"1 minute"},"schema":{"@context":"https:\/\/schema.org","@graph":[{"@type":"WebPage","@id":"https:\/\/pga.ententeinsurance.ca\/fr\/dentaire\/","url":"https:\/\/pga.ententeinsurance.ca\/fr\/dentaire\/","name":"Assurance dentaire - Assurance collective pour les membres de la PGA du Canada","isPartOf":{"@id":"https:\/\/pga.ententeinsurance.ca\/fr\/#website"},"primaryImageOfPage":{"@id":"https:\/\/pga.ententeinsurance.ca\/fr\/dentaire\/#primaryimage"},"image":{"@id":"https:\/\/pga.ententeinsurance.ca\/fr\/dentaire\/#primaryimage"},"thumbnailUrl":"https:\/\/pga.ententeinsurance.ca\/wp-content\/uploads\/sites\/2\/2025\/01\/Assurance-dentaire.png","datePublished":"2024-11-27T18:09:48+00:00","dateModified":"2025-01-23T16:23:39+00:00","breadcrumb":{"@id":"https:\/\/pga.ententeinsurance.ca\/fr\/dentaire\/#breadcrumb"},"inLanguage":"fr-FR","potentialAction":[{"@type":"ReadAction","target":["https:\/\/pga.ententeinsurance.ca\/fr\/dentaire\/"]}]},{"@type":"ImageObject","inLanguage":"fr-FR","@id":"https:\/\/pga.ententeinsurance.ca\/fr\/dentaire\/#primaryimage","url":"https:\/\/pga.ententeinsurance.ca\/wp-content\/uploads\/sites\/2\/2025\/01\/Assurance-dentaire.png","contentUrl":"https:\/\/pga.ententeinsurance.ca\/wp-content\/uploads\/sites\/2\/2025\/01\/Assurance-dentaire.png","width":1200,"height":628},{"@type":"BreadcrumbList","@id":"https:\/\/pga.ententeinsurance.ca\/fr\/dentaire\/#breadcrumb","itemListElement":[{"@type":"ListItem","position":1,"name":"Accueil","item":"https:\/\/pga.ententeinsurance.ca\/fr\/"},{"@type":"ListItem","position":2,"name":"Assurance dentaire"}]},{"@type":"WebSite","@id":"https:\/\/pga.ententeinsurance.ca\/fr\/#website","url":"https:\/\/pga.ententeinsurance.ca\/fr\/","name":"Assurance collective pour les membres de la PGA du Canada","description":"Entente Group Insurance Program","publisher":{"@id":"https:\/\/pga.ententeinsurance.ca\/fr\/#organization"},"potentialAction":[{"@type":"SearchAction","target":{"@type":"EntryPoint","urlTemplate":"https:\/\/pga.ententeinsurance.ca\/fr\/?s={search_term_string}"},"query-input":{"@type":"PropertyValueSpecification","valueRequired":true,"valueName":"search_term_string"}}],"inLanguage":"fr-FR"},{"@type":"Organization","@id":"https:\/\/pga.ententeinsurance.ca\/fr\/#organization","name":"Assurance collective pour les membres de la PGA du Canada","url":"https:\/\/pga.ententeinsurance.ca\/fr\/","logo":{"@type":"ImageObject","inLanguage":"fr-FR","@id":"https:\/\/pga.ententeinsurance.ca\/fr\/#\/schema\/logo\/image\/","url":"https:\/\/pga.ententeinsurance.ca\/media\/pga-podcast-logo.jpg","contentUrl":"https:\/\/pga.ententeinsurance.ca\/media\/pga-podcast-logo.jpg","width":275,"height":151,"caption":"Assurance collective pour les membres de la PGA du Canada"},"image":{"@id":"https:\/\/pga.ententeinsurance.ca\/fr\/#\/schema\/logo\/image\/"}}]}},"_links":{"self":[{"href":"https:\/\/pga.ententeinsurance.ca\/fr\/wp-json\/wp\/v2\/pages\/315","targetHints":{"allow":["GET"]}}],"collection":[{"href":"https:\/\/pga.ententeinsurance.ca\/fr\/wp-json\/wp\/v2\/pages"}],"about":[{"href":"https:\/\/pga.ententeinsurance.ca\/fr\/wp-json\/wp\/v2\/types\/page"}],"author":[{"embeddable":true,"href":"https:\/\/pga.ententeinsurance.ca\/fr\/wp-json\/wp\/v2\/users\/1"}],"replies":[{"embeddable":true,"href":"https:\/\/pga.ententeinsurance.ca\/fr\/wp-json\/wp\/v2\/comments?post=315"}],"version-history":[{"count":0,"href":"https:\/\/pga.ententeinsurance.ca\/fr\/wp-json\/wp\/v2\/pages\/315\/revisions"}],"wp:featuredmedia":[{"embeddable":true,"href":"https:\/\/pga.ententeinsurance.ca\/fr\/wp-json\/wp\/v2\/media\/470"}],"wp:attachment":[{"href":"https:\/\/pga.ententeinsurance.ca\/fr\/wp-json\/wp\/v2\/media?parent=315"}],"curies":[{"name":"wp","href":"https:\/\/api.w.org\/{rel}","templated":true}]}}