{"id":316,"date":"2024-12-09T16:07:31","date_gmt":"2024-12-09T16:07:31","guid":{"rendered":"https:\/\/pga.ententeinsurance.ca\/souscrivez-des-maintenant\/"},"modified":"2026-03-02T19:28:37","modified_gmt":"2026-03-02T19:28:37","slug":"souscrivez-des-maintenant","status":"publish","type":"page","link":"https:\/\/pga.ententeinsurance.ca\/fr\/souscrivez-des-maintenant\/","title":{"rendered":"Souscrivez d\u00e8s maintenant"},"content":{"rendered":"\t\t<div data-elementor-type=\"wp-page\" data-elementor-id=\"316\" class=\"elementor elementor-316 elementor-219\" data-elementor-post-type=\"page\">\n\t\t\t\t<div class=\"elementor-element elementor-element-4642038 bg-pri heading-banner e-flex e-con-boxed e-con e-parent\" data-id=\"4642038\" data-element_type=\"container\" data-e-type=\"container\">\n\t\t\t\t\t<div class=\"e-con-inner\">\n\t\t\t\t<div class=\"elementor-element elementor-element-8c74452 elementor-widget elementor-widget-heading\" data-id=\"8c74452\" data-element_type=\"widget\" data-e-type=\"widget\" data-widget_type=\"heading.default\">\n\t\t\t\t<div class=\"elementor-widget-container\">\n\t\t\t\t\t<h1 class=\"elementor-heading-title elementor-size-default\">Souscrivez d\u00e8s maintenant<\/h1>\t\t\t\t<\/div>\n\t\t\t\t<\/div>\n\t\t\t\t\t<\/div>\n\t\t\t\t<\/div>\n\t\t<div class=\"elementor-element elementor-element-a0b187a e-flex e-con-boxed e-con e-parent\" data-id=\"a0b187a\" data-element_type=\"container\" data-e-type=\"container\">\n\t\t\t\t\t<div class=\"e-con-inner\">\n\t\t\t\t<div class=\"elementor-element elementor-element-f671b88 breadcrumb-wrap elementor-widget elementor-widget-breadcrumbs\" data-id=\"f671b88\" data-element_type=\"widget\" data-e-type=\"widget\" data-widget_type=\"breadcrumbs.default\">\n\t\t\t\t<div class=\"elementor-widget-container\">\n\t\t\t\t\t<p id=\"breadcrumbs\"><span><span><a href=\"https:\/\/pga.ententeinsurance.ca\/fr\/\">Accueil<\/a><\/span><\/span><\/p>\t\t\t\t<\/div>\n\t\t\t\t<\/div>\n\t\t\t\t<div class=\"elementor-element elementor-element-7e5dd2e elementor-widget__width-initial elementor-widget-tablet__width-inherit page-intro-para elementor-widget elementor-widget-text-editor\" data-id=\"7e5dd2e\" data-element_type=\"widget\" data-e-type=\"widget\" data-widget_type=\"text-editor.default\">\n\t\t\t\t<div class=\"elementor-widget-container\">\n\t\t\t\t\t\t\t\t\t<p>Nous avons h\u00e2te de vous accueillir! Veuillez <a href=\"https:\/\/pga.ententeinsurance.ca\/fr\/contacter\/\">contacter notre \u00e9quipe<\/a> si vous avez des questions ou besoin d\u2019aide pour remplir le formulaire<\/p>\n\t\t\t\t\t\t\t\t<\/div>\n\t\t\t\t<\/div>\n\t\t\t\t<div class=\"elementor-element elementor-element-4a2bc97 desc elementor-widget elementor-widget-text-editor\" data-id=\"4a2bc97\" data-element_type=\"widget\" data-e-type=\"widget\" data-widget_type=\"text-editor.default\">\n\t\t\t\t<div class=\"elementor-widget-container\">\n\t\t\t\t\t\t\t\t\t<h2>Voici ce qu\u2019il vous faudra avoir en main :<\/h2><ul><li>Vos informations d\u2019assurance \u00e0 jour le cas \u00e9ch\u00e9ant<\/li><li>Veuillez utiliser la m\u00eame adresse courriel que celle que vous avez utilis\u00e9e lorsque vous avez fait les d\u00e9marches pour devenir membre de PGA du Canada<\/li><\/ul><p>Vous ne pourrez pas soumettre une demande avec une adresse diff\u00e9rente.\u00a0Si vous n\u2019\u00eates pas certain de l\u2019adresse courriel enregistr\u00e9e, veuillez <a href=\"https:\/\/pga.ententeinsurance.ca\/fr\/contacter\/\">contacter PGA du Canada<\/a>.<\/p>\t\t\t\t\t\t\t\t<\/div>\n\t\t\t\t<\/div>\n\t\t\t\t<div class=\"elementor-element elementor-element-19dfcc4 cmn-btn elementor-widget elementor-widget-button\" data-id=\"19dfcc4\" data-element_type=\"widget\" data-e-type=\"widget\" data-widget_type=\"button.default\">\n\t\t\t\t<div class=\"elementor-widget-container\">\n\t\t\t\t\t\t\t\t\t<div class=\"elementor-button-wrapper\">\n\t\t\t\t\t<a class=\"elementor-button elementor-button-link elementor-size-sm\" href=\"https:\/\/rtoeroentente.b2clogin.com\/68fcee63-7cbf-4030-a691-0b29746e0958\/B2C_1_RTOERO_Prod_Reset_Password\/oauth2\/v2.0\/authorize?client_id=1771b8ac-9155-4bb8-a850-b17570e2ef33&#038;redirect_uri=https%3A%2F%2Fentente.powerappsportals.com%2Fsignin-aad-b2c_1&#038;response_type=id_token&#038;scope=openid&#038;state=OpenIdConnect.AuthenticationProperties%3DQPhJDbWhYYUt78QSjFkoRwurh5eThJQaj5N-YHtU6vt8Bif2-5f76z8FsxBrVoZL-e_IR0doX__g-NoAdZqCSTQWiXDTMVeUHqrNPCb6W7PtaytB9stk4ZQj19WED6biDuxuEX3Dv3Rj9IsFkAVCyKGtnlWliqbE0iHt3G3vJJ1cSVVxkUiqcHspc0ik-jemdSyg6lsZOirqVw0CHOhQVwDGYEbGENuLtknVRbPo8VuVa03Uc-7tXE9MgARyFYKR2myXJSoiuNYBBUacjrFuGdrCjonATwz6BsjQgjhb-6pn2RA9_jwnbJV_YBzNritU874YH5PRp95tmYxgBfFCUQe_UPkeMnja6bO0hqYcbNEkOAWjQRmx6G1WB0_IxmdfpLJK6xd7A4kpOivyu91Qa_zuLDiSJTiHgdUCyIm8gYs&#038;response_mode=form_post&#038;nonce=638907979765937362.ZGQ2ZDViYWEtYzFjMS00MTYyLThhZDMtYjY3MzMwMmVlNzEwMGZlMGU1Y2YtZjUxZi00NDBiLWFkMWEtNmY5YTA3ZGQ2ZDRl&#038;ui_locales=en-US&#038;x-client-SKU=ID_NET472&#038;x-client-ver=6.35.0.0\" target=\"_blank\">\n\t\t\t\t\t\t<span class=\"elementor-button-content-wrapper\">\n\t\t\t\t\t\t\t\t\t<span class=\"elementor-button-text\">Commencer<\/span>\n\t\t\t\t\t<\/span>\n\t\t\t\t\t<\/a>\n\t\t\t\t<\/div>\n\t\t\t\t\t\t\t\t<\/div>\n\t\t\t\t<\/div>\n\t\t\t\t<div class=\"elementor-element elementor-element-aa31394 desc elementor-widget elementor-widget-text-editor\" data-id=\"aa31394\" data-element_type=\"widget\" data-e-type=\"widget\" data-widget_type=\"text-editor.default\">\n\t\t\t\t<div class=\"elementor-widget-container\">\n\t\t\t\t\t\t\t\t\t<p>Vous avez d\u00e9j\u00e0 commenc\u00e9 une demande? <a href=\"https:\/\/pga.ententeinsurance.ca\/fr\/contacter\/\">Connectez-vous<\/a> pour la compl\u00e9ter.<\/p>\t\t\t\t\t\t\t\t<\/div>\n\t\t\t\t<\/div>\n\t\t\t\t\t<\/div>\n\t\t\t\t<\/div>\n\t\t\t\t<\/div>\n\t\t","protected":false},"excerpt":{"rendered":"<p>Souscrivez d\u00e8s maintenant Nous avons h\u00e2te de vous accueillir! Veuillez contacter notre \u00e9quipe si vous avez des questions ou besoin d\u2019aide pour remplir le formulaire Voici ce qu\u2019il vous faudra avoir en main : Vos informations d\u2019assurance \u00e0 jour le cas \u00e9ch\u00e9ant Veuillez utiliser la m\u00eame adresse courriel que celle que vous avez utilis\u00e9e lorsque [&hellip;]<\/p>\n","protected":false},"author":4,"featured_media":0,"parent":0,"menu_order":0,"comment_status":"closed","ping_status":"closed","template":"","meta":{"_acf_changed":false,"inline_featured_image":false,"footnotes":""},"class_list":["post-316","page","type-page","status-publish","hentry"],"acf":[],"yoast_head":"<!-- This site is optimized with the Yoast SEO plugin v27.4 - https:\/\/yoast.com\/product\/yoast-seo-wordpress\/ -->\n<title>Souscrivez d\u00e8s maintenant - Assurance collective pour les membres de la PGA du Canada<\/title>\n<meta name=\"robots\" content=\"noindex, follow, max-snippet:-1, max-image-preview:large, max-video-preview:-1\" \/>\n<meta property=\"og:locale\" content=\"fr_FR\" \/>\n<meta property=\"og:type\" content=\"article\" \/>\n<meta property=\"og:title\" content=\"Souscrivez d\u00e8s maintenant - Assurance collective pour les membres de la PGA du Canada\" \/>\n<meta property=\"og:description\" content=\"Souscrivez d\u00e8s maintenant Nous avons h\u00e2te de vous accueillir! Veuillez contacter notre \u00e9quipe si vous avez des questions ou besoin d\u2019aide pour remplir le formulaire Voici ce qu\u2019il vous faudra avoir en main : Vos informations d\u2019assurance \u00e0 jour le cas \u00e9ch\u00e9ant Veuillez utiliser la m\u00eame adresse courriel que celle que vous avez utilis\u00e9e lorsque [&hellip;]\" \/>\n<meta property=\"og:url\" content=\"https:\/\/pga.ententeinsurance.ca\/fr\/souscrivez-des-maintenant\/\" \/>\n<meta property=\"og:site_name\" content=\"Assurance collective pour les membres de la PGA du Canada\" \/>\n<meta property=\"article:modified_time\" content=\"2026-03-02T19:28:37+00:00\" \/>\n<meta property=\"og:image\" content=\"https:\/\/pga.ententeinsurance.ca\/wp-content\/uploads\/sites\/2\/2026\/02\/featured-image.png\" \/>\n\t<meta property=\"og:image:width\" content=\"1140\" \/>\n\t<meta property=\"og:image:height\" content=\"690\" \/>\n\t<meta property=\"og:image:type\" content=\"image\/png\" \/>\n<meta name=\"twitter:card\" content=\"summary_large_image\" \/>\n<meta name=\"twitter:label1\" content=\"Dur\u00e9e de lecture estim\u00e9e\" \/>\n\t<meta name=\"twitter:data1\" content=\"1 minute\" \/>\n<script type=\"application\/ld+json\" class=\"yoast-schema-graph\">{\"@context\":\"https:\\\/\\\/schema.org\",\"@graph\":[{\"@type\":\"WebPage\",\"@id\":\"https:\\\/\\\/pga.ententeinsurance.ca\\\/fr\\\/souscrivez-des-maintenant\\\/\",\"url\":\"https:\\\/\\\/pga.ententeinsurance.ca\\\/fr\\\/souscrivez-des-maintenant\\\/\",\"name\":\"Souscrivez d\u00e8s maintenant - Assurance collective pour les membres de la PGA du Canada\",\"isPartOf\":{\"@id\":\"https:\\\/\\\/pga.ententeinsurance.ca\\\/fr\\\/#website\"},\"datePublished\":\"2024-12-09T16:07:31+00:00\",\"dateModified\":\"2026-03-02T19:28:37+00:00\",\"breadcrumb\":{\"@id\":\"https:\\\/\\\/pga.ententeinsurance.ca\\\/fr\\\/souscrivez-des-maintenant\\\/#breadcrumb\"},\"inLanguage\":\"fr-FR\",\"potentialAction\":[{\"@type\":\"ReadAction\",\"target\":[\"https:\\\/\\\/pga.ententeinsurance.ca\\\/fr\\\/souscrivez-des-maintenant\\\/\"]}]},{\"@type\":\"BreadcrumbList\",\"@id\":\"https:\\\/\\\/pga.ententeinsurance.ca\\\/fr\\\/souscrivez-des-maintenant\\\/#breadcrumb\",\"itemListElement\":[{\"@type\":\"ListItem\",\"position\":1,\"name\":\"Accueil\",\"item\":\"https:\\\/\\\/pga.ententeinsurance.ca\\\/fr\\\/\"},{\"@type\":\"ListItem\",\"position\":2,\"name\":\"Souscrivez d\u00e8s maintenant\"}]},{\"@type\":\"WebSite\",\"@id\":\"https:\\\/\\\/pga.ententeinsurance.ca\\\/fr\\\/#website\",\"url\":\"https:\\\/\\\/pga.ententeinsurance.ca\\\/fr\\\/\",\"name\":\"Assurance collective pour les membres de la PGA du Canada\",\"description\":\"Entente Group Insurance Program\",\"publisher\":{\"@id\":\"https:\\\/\\\/pga.ententeinsurance.ca\\\/fr\\\/#organization\"},\"potentialAction\":[{\"@type\":\"SearchAction\",\"target\":{\"@type\":\"EntryPoint\",\"urlTemplate\":\"https:\\\/\\\/pga.ententeinsurance.ca\\\/fr\\\/?s={search_term_string}\"},\"query-input\":{\"@type\":\"PropertyValueSpecification\",\"valueRequired\":true,\"valueName\":\"search_term_string\"}}],\"inLanguage\":\"fr-FR\"},{\"@type\":\"Organization\",\"@id\":\"https:\\\/\\\/pga.ententeinsurance.ca\\\/fr\\\/#organization\",\"name\":\"Assurance collective pour les membres de la PGA du Canada\",\"url\":\"https:\\\/\\\/pga.ententeinsurance.ca\\\/fr\\\/\",\"logo\":{\"@type\":\"ImageObject\",\"inLanguage\":\"fr-FR\",\"@id\":\"https:\\\/\\\/pga.ententeinsurance.ca\\\/fr\\\/#\\\/schema\\\/logo\\\/image\\\/\",\"url\":\"https:\\\/\\\/pga.ententeinsurance.ca\\\/media\\\/pga-podcast-logo.jpg\",\"contentUrl\":\"https:\\\/\\\/pga.ententeinsurance.ca\\\/media\\\/pga-podcast-logo.jpg\",\"width\":275,\"height\":151,\"caption\":\"Assurance collective pour les membres de la PGA du Canada\"},\"image\":{\"@id\":\"https:\\\/\\\/pga.ententeinsurance.ca\\\/fr\\\/#\\\/schema\\\/logo\\\/image\\\/\"}}]}<\/script>\n<!-- \/ Yoast SEO plugin. -->","yoast_head_json":{"title":"Souscrivez d\u00e8s maintenant - Assurance collective pour les membres de la PGA du Canada","robots":{"index":"noindex","follow":"follow","max-snippet":"max-snippet:-1","max-image-preview":"max-image-preview:large","max-video-preview":"max-video-preview:-1"},"og_locale":"fr_FR","og_type":"article","og_title":"Souscrivez d\u00e8s maintenant - Assurance collective pour les membres de la PGA du Canada","og_description":"Souscrivez d\u00e8s maintenant Nous avons h\u00e2te de vous accueillir! Veuillez contacter notre \u00e9quipe si vous avez des questions ou besoin d\u2019aide pour remplir le formulaire Voici ce qu\u2019il vous faudra avoir en main : Vos informations d\u2019assurance \u00e0 jour le cas \u00e9ch\u00e9ant Veuillez utiliser la m\u00eame adresse courriel que celle que vous avez utilis\u00e9e lorsque [&hellip;]","og_url":"https:\/\/pga.ententeinsurance.ca\/fr\/souscrivez-des-maintenant\/","og_site_name":"Assurance collective pour les membres de la PGA du Canada","article_modified_time":"2026-03-02T19:28:37+00:00","og_image":[{"width":1140,"height":690,"url":"https:\/\/pga.ententeinsurance.ca\/wp-content\/uploads\/sites\/2\/2026\/02\/featured-image.png","type":"image\/png"}],"twitter_card":"summary_large_image","twitter_misc":{"Dur\u00e9e de lecture estim\u00e9e":"1 minute"},"schema":{"@context":"https:\/\/schema.org","@graph":[{"@type":"WebPage","@id":"https:\/\/pga.ententeinsurance.ca\/fr\/souscrivez-des-maintenant\/","url":"https:\/\/pga.ententeinsurance.ca\/fr\/souscrivez-des-maintenant\/","name":"Souscrivez d\u00e8s maintenant - Assurance collective pour les membres de la PGA du Canada","isPartOf":{"@id":"https:\/\/pga.ententeinsurance.ca\/fr\/#website"},"datePublished":"2024-12-09T16:07:31+00:00","dateModified":"2026-03-02T19:28:37+00:00","breadcrumb":{"@id":"https:\/\/pga.ententeinsurance.ca\/fr\/souscrivez-des-maintenant\/#breadcrumb"},"inLanguage":"fr-FR","potentialAction":[{"@type":"ReadAction","target":["https:\/\/pga.ententeinsurance.ca\/fr\/souscrivez-des-maintenant\/"]}]},{"@type":"BreadcrumbList","@id":"https:\/\/pga.ententeinsurance.ca\/fr\/souscrivez-des-maintenant\/#breadcrumb","itemListElement":[{"@type":"ListItem","position":1,"name":"Accueil","item":"https:\/\/pga.ententeinsurance.ca\/fr\/"},{"@type":"ListItem","position":2,"name":"Souscrivez d\u00e8s maintenant"}]},{"@type":"WebSite","@id":"https:\/\/pga.ententeinsurance.ca\/fr\/#website","url":"https:\/\/pga.ententeinsurance.ca\/fr\/","name":"Assurance collective pour les membres de la PGA du Canada","description":"Entente Group Insurance Program","publisher":{"@id":"https:\/\/pga.ententeinsurance.ca\/fr\/#organization"},"potentialAction":[{"@type":"SearchAction","target":{"@type":"EntryPoint","urlTemplate":"https:\/\/pga.ententeinsurance.ca\/fr\/?s={search_term_string}"},"query-input":{"@type":"PropertyValueSpecification","valueRequired":true,"valueName":"search_term_string"}}],"inLanguage":"fr-FR"},{"@type":"Organization","@id":"https:\/\/pga.ententeinsurance.ca\/fr\/#organization","name":"Assurance collective pour les membres de la PGA du Canada","url":"https:\/\/pga.ententeinsurance.ca\/fr\/","logo":{"@type":"ImageObject","inLanguage":"fr-FR","@id":"https:\/\/pga.ententeinsurance.ca\/fr\/#\/schema\/logo\/image\/","url":"https:\/\/pga.ententeinsurance.ca\/media\/pga-podcast-logo.jpg","contentUrl":"https:\/\/pga.ententeinsurance.ca\/media\/pga-podcast-logo.jpg","width":275,"height":151,"caption":"Assurance collective pour les membres de la PGA du Canada"},"image":{"@id":"https:\/\/pga.ententeinsurance.ca\/fr\/#\/schema\/logo\/image\/"}}]}},"_links":{"self":[{"href":"https:\/\/pga.ententeinsurance.ca\/fr\/wp-json\/wp\/v2\/pages\/316","targetHints":{"allow":["GET"]}}],"collection":[{"href":"https:\/\/pga.ententeinsurance.ca\/fr\/wp-json\/wp\/v2\/pages"}],"about":[{"href":"https:\/\/pga.ententeinsurance.ca\/fr\/wp-json\/wp\/v2\/types\/page"}],"author":[{"embeddable":true,"href":"https:\/\/pga.ententeinsurance.ca\/fr\/wp-json\/wp\/v2\/users\/4"}],"replies":[{"embeddable":true,"href":"https:\/\/pga.ententeinsurance.ca\/fr\/wp-json\/wp\/v2\/comments?post=316"}],"version-history":[{"count":0,"href":"https:\/\/pga.ententeinsurance.ca\/fr\/wp-json\/wp\/v2\/pages\/316\/revisions"}],"wp:attachment":[{"href":"https:\/\/pga.ententeinsurance.ca\/fr\/wp-json\/wp\/v2\/media?parent=316"}],"curies":[{"name":"wp","href":"https:\/\/api.w.org\/{rel}","templated":true}]}}